{"id":6733,"date":"2025-04-03T12:36:47","date_gmt":"2025-04-03T10:36:47","guid":{"rendered":"https:\/\/dicoart.com\/it_it\/?post_type=product&#038;p=6733"},"modified":"2026-02-12T16:07:47","modified_gmt":"2026-02-12T15:07:47","slug":"bandiera-americana","status":"publish","type":"product","link":"https:\/\/dicoart.com\/en\/product\/bandiera-americana\/","title":{"rendered":"Bandiera americana"},"content":{"rendered":"<p>Dim: 70X50<\/p>\n<p>Questa litografia su carta con interventi in foglia oro rilegge uno dei simboli pi\u00f9 iconici della cultura visiva contemporanea: la bandiera americana.<\/p>\n<p>L\u2019opera si inserisce nel solco della grande tradizione Pop inaugurata da Jasper Johns, che per primo trasform\u00f2 la bandiera in soggetto artistico autonomo, liberandola dalla sola dimensione politica e rendendola immagine pura, materia e riflessione visiva.<\/p>\n<p>Dic\u00f2 riprende quell\u2019intuizione e la reinterpreta in chiave contemporanea. La superficie litografica viene arricchita dalla foglia oro, che dona profondit\u00e0 e vibrazione alla composizione, trasformando il simbolo in un oggetto luminoso e prezioso. Il risultato \u00e8 un equilibrio tra memoria storica e sensibilit\u00e0 attuale, tra icona pop e raffinatezza materica.<\/p>\n<p>Questa litografia diventa cos\u00ec non solo un omaggio alla tradizione artistica americana, ma anche un segno universale di libert\u00e0, energia e identit\u00e0 visiva.<\/p>\n<p>Un\u2019opera elegante e iconica, capace di dialogare con qualsiasi ambiente contemporaneo, portando con s\u00e9 la forza intramontabile di un simbolo reinventato attraverso lo sguardo di Dic\u00f2.<\/p>","protected":false},"excerpt":{"rendered":"<p>Dim: 70X50 Questa litografia su carta con interventi in foglia oro rilegge uno dei simboli pi\u00f9 iconici della cultura visiva contemporanea: la bandiera americana. L\u2019opera si inserisce nel solco della grande tradizione Pop inaugurata da Jasper Johns, che per primo trasform\u00f2 la bandiera in soggetto artistico autonomo, liberandola dalla sola dimensione politica e rendendola immagine [&hellip;]<\/p>\n","protected":false},"featured_media":6731,"template":"","meta":{"_crdt_document":"","_monsterinsights_skip_tracking":false,"_monsterinsights_sitenote_active":false,"_monsterinsights_sitenote_note":"","_monsterinsights_sitenote_category":0,"jetpack_publicize_message":"","jetpack_publicize_feature_enabled":true,"jetpack_social_post_already_shared":true,"jetpack_social_options":{"image_generator_settings":{"template":"highway","default_image_id":0,"font":"","enabled":false},"version":2},"_wpas_customize_per_network":false},"product_brand":[],"product_cat":[688637374],"product_tag":[],"class_list":{"0":"post-6733","1":"product","2":"type-product","3":"status-publish","4":"has-post-thumbnail","6":"product_cat-opere-silver","8":"first","9":"instock","10":"taxable","11":"shipping-taxable","12":"purchasable","13":"product-type-simple"},"bundled_by":[],"bundle_stock_status":"instock","bundle_stock_quantity":null,"bundle_virtual":false,"bundle_layout":"","bundle_add_to_cart_form_location":"","bundle_editable_in_cart":false,"bundle_sold_individually_context":"","bundle_item_grouping":"","bundle_min_size":"","bundle_max_size":"","bundle_price":[],"bundled_items":[],"bundle_sell_ids":[],"group_of_quantity":0,"min_quantity":0,"max_quantity":"","exclude_order_quantity_value_rules":"no","exclude_category_quantity_rules":"no","combine_variations":"no","exclude_global_add_ons":[],"addons":[],"aioseo_notices":[],"jetpack_publicize_connections":[],"jetpack_sharing_enabled":true,"jetpack_likes_enabled":true,"_links":{"self":[{"href":"https:\/\/dicoart.com\/en\/wp-json\/wp\/v2\/product\/6733","targetHints":{"allow":["GET"]}}],"collection":[{"href":"https:\/\/dicoart.com\/en\/wp-json\/wp\/v2\/product"}],"about":[{"href":"https:\/\/dicoart.com\/en\/wp-json\/wp\/v2\/types\/product"}],"wp:featuredmedia":[{"embeddable":true,"href":"https:\/\/dicoart.com\/en\/wp-json\/wp\/v2\/media\/6731"}],"wp:attachment":[{"href":"https:\/\/dicoart.com\/en\/wp-json\/wp\/v2\/media?parent=6733"}],"wp:term":[{"taxonomy":"product_brand","embeddable":true,"href":"https:\/\/dicoart.com\/en\/wp-json\/wp\/v2\/product_brand?post=6733"},{"taxonomy":"product_cat","embeddable":true,"href":"https:\/\/dicoart.com\/en\/wp-json\/wp\/v2\/product_cat?post=6733"},{"taxonomy":"product_tag","embeddable":true,"href":"https:\/\/dicoart.com\/en\/wp-json\/wp\/v2\/product_tag?post=6733"}],"curies":[{"name":"wp","href":"https:\/\/api.w.org\/{rel}","templated":true}]}}