{"id":4816,"date":"2024-06-07T17:25:36","date_gmt":"2024-06-07T15:25:36","guid":{"rendered":"https:\/\/dicoart.com\/prodotto\/never-stop-to-love-10\/"},"modified":"2026-02-02T15:22:03","modified_gmt":"2026-02-02T14:22:03","slug":"never-stop-to-love-10","status":"publish","type":"product","link":"https:\/\/dicoart.com\/en\/product\/never-stop-to-love-10\/","title":{"rendered":"Dic\u00f2 Heart &#8211; con teca"},"content":{"rendered":"<p>Questa scultura rappresenta la versione pi\u00f9 grande della serie dei cuori di Dic\u00f2 ed \u00e8 proposta in una teca trasparente che ne esalta la presenza scenica, amplificando giochi di riflessi, profondit\u00e0 e matericit\u00e0. Inserita in questo contenitore luminoso e protettivo, l\u2019opera assume un carattere ancora pi\u00f9 iconico, trasformandosi in un vero e proprio oggetto da collezione.<\/p>\n<p>Anche in questa versione, Dic\u00f2 rinnova il suo omaggio ad Alberto Burri e alla sua poetica della materia trasformata: la superficie bruciata, piegata e stratificata del cuore sembra vibrare nello spazio, rivelando energia, tensione e un\u2019emotivit\u00e0 intensa che cambia a seconda della luce e dell\u2019ambiente circostante.<\/p>\n<p>Questa edizione in teca \u00e8 pensata per chi desidera un\u2019opera di forte impatto visivo, perfetta come elemento centrale in ambienti ampi, studi, showroom o spazi espositivi. \u00c8 disponibile in tre varianti cromatiche: rosso, oro e bianco.<\/p>\n<p>A differenza delle versioni Small, Medium e Large a parete, questa versione non prevede l\u2019illuminazione LED, mantenendo un\u2019estetica pi\u00f9 materica e museale, interamente affidata al dialogo tra teca, colore e riflessi.<\/p>","protected":false},"excerpt":{"rendered":"<p>Questa scultura rappresenta la versione pi\u00f9 grande della serie dei cuori di Dic\u00f2 ed \u00e8 proposta in una teca trasparente che ne esalta la presenza scenica, amplificando giochi di riflessi, profondit\u00e0 e matericit\u00e0. Inserita in questo contenitore luminoso e protettivo, l\u2019opera assume un carattere ancora pi\u00f9 iconico, trasformandosi in un vero e proprio oggetto da [&hellip;]<\/p>\n","protected":false},"featured_media":5550,"template":"","meta":{"_crdt_document":"","_monsterinsights_skip_tracking":false,"_monsterinsights_sitenote_active":false,"_monsterinsights_sitenote_note":"","_monsterinsights_sitenote_category":0,"jetpack_publicize_message":"","jetpack_publicize_feature_enabled":true,"jetpack_social_post_already_shared":true,"jetpack_social_options":{"image_generator_settings":{"template":"highway","default_image_id":0,"font":"","enabled":false},"version":2},"_wpas_customize_per_network":false},"product_brand":[],"product_cat":[688637374],"product_tag":[],"class_list":{"0":"post-4816","1":"product","2":"type-product","3":"status-publish","4":"has-post-thumbnail","6":"product_cat-opere-silver","8":"first","9":"instock","10":"taxable","11":"shipping-taxable","12":"purchasable","13":"product-type-simple"},"bundled_by":[],"bundle_stock_status":"instock","bundle_stock_quantity":null,"bundle_virtual":false,"bundle_layout":"","bundle_add_to_cart_form_location":"","bundle_editable_in_cart":false,"bundle_sold_individually_context":"","bundle_item_grouping":"","bundle_min_size":"","bundle_max_size":"","bundle_price":[],"bundled_items":[],"bundle_sell_ids":[],"group_of_quantity":0,"min_quantity":0,"max_quantity":"","exclude_order_quantity_value_rules":"no","exclude_category_quantity_rules":"no","combine_variations":"no","exclude_global_add_ons":[],"addons":[],"aioseo_notices":[],"jetpack_publicize_connections":[],"jetpack_sharing_enabled":true,"jetpack_likes_enabled":true,"_links":{"self":[{"href":"https:\/\/dicoart.com\/en\/wp-json\/wp\/v2\/product\/4816","targetHints":{"allow":["GET"]}}],"collection":[{"href":"https:\/\/dicoart.com\/en\/wp-json\/wp\/v2\/product"}],"about":[{"href":"https:\/\/dicoart.com\/en\/wp-json\/wp\/v2\/types\/product"}],"wp:featuredmedia":[{"embeddable":true,"href":"https:\/\/dicoart.com\/en\/wp-json\/wp\/v2\/media\/5550"}],"wp:attachment":[{"href":"https:\/\/dicoart.com\/en\/wp-json\/wp\/v2\/media?parent=4816"}],"wp:term":[{"taxonomy":"product_brand","embeddable":true,"href":"https:\/\/dicoart.com\/en\/wp-json\/wp\/v2\/product_brand?post=4816"},{"taxonomy":"product_cat","embeddable":true,"href":"https:\/\/dicoart.com\/en\/wp-json\/wp\/v2\/product_cat?post=4816"},{"taxonomy":"product_tag","embeddable":true,"href":"https:\/\/dicoart.com\/en\/wp-json\/wp\/v2\/product_tag?post=4816"}],"curies":[{"name":"wp","href":"https:\/\/api.w.org\/{rel}","templated":true}]}}